{"id":31,"date":"2017-01-19T12:14:45","date_gmt":"2017-01-19T11:14:45","guid":{"rendered":"http:\/\/volxgesang.de\/?page_id=31"},"modified":"2026-01-07T17:06:02","modified_gmt":"2026-01-07T16:06:02","slug":"home-2","status":"publish","type":"page","link":"https:\/\/volxgesang.de\/","title":{"rendered":"Home"},"content":{"rendered":"\t\t<div data-elementor-type=\"wp-page\" data-elementor-id=\"31\" class=\"elementor elementor-31\">\n\t\t\t\t\t\t<section class=\"elementor-section elementor-top-section elementor-element elementor-element-2d5e83a4 elementor-section-height-min-height elementor-section-full_width elementor-section-height-default elementor-section-items-middle\" data-id=\"2d5e83a4\" data-element_type=\"section\" data-e-type=\"section\" data-settings=\"{&quot;background_background&quot;:&quot;slideshow&quot;,&quot;background_slideshow_gallery&quot;:[{&quot;id&quot;:5898,&quot;url&quot;:&quot;https:\\\/\\\/volxgesang.de\\\/wp-content\\\/uploads\\\/2024\\\/09\\\/VXG-PRINZIP.jpg&quot;}],&quot;background_slideshow_loop&quot;:&quot;yes&quot;,&quot;background_slideshow_slide_duration&quot;:5000,&quot;background_slideshow_slide_transition&quot;:&quot;fade&quot;,&quot;background_slideshow_transition_duration&quot;:500}\">\n\t\t\t\t\t\t\t<div class=\"elementor-background-overlay\"><\/div>\n\t\t\t\t\t\t\t<div class=\"elementor-container elementor-column-gap-default\">\n\t\t\t\t\t<div class=\"elementor-column elementor-col-100 elementor-top-column elementor-element elementor-element-6781eb16\" data-id=\"6781eb16\" data-element_type=\"column\" data-e-type=\"column\">\n\t\t\t<div class=\"elementor-widget-wrap elementor-element-populated\">\n\t\t\t\t\t\t<div class=\"elementor-element elementor-element-ee3ee04 elementor-widget elementor-widget-image\" data-id=\"ee3ee04\" data-element_type=\"widget\" data-e-type=\"widget\" data-widget_type=\"image.default\">\n\t\t\t\t<div class=\"elementor-widget-container\">\n\t\t\t\t\t\t\t\t\t\t\t\t\t\t\t<img fetchpriority=\"high\" decoding=\"async\" width=\"768\" height=\"279\" src=\"https:\/\/volxgesang.de\/wp-content\/uploads\/2018\/07\/Volxgesang-Logo-900-768x279.png\" class=\"attachment-medium_large size-medium_large wp-image-1072\" alt=\"\" srcset=\"https:\/\/volxgesang.de\/wp-content\/uploads\/2018\/07\/Volxgesang-Logo-900-768x279.png 768w, https:\/\/volxgesang.de\/wp-content\/uploads\/2018\/07\/Volxgesang-Logo-900-300x109.png 300w, https:\/\/volxgesang.de\/wp-content\/uploads\/2018\/07\/Volxgesang-Logo-900-140x51.png 140w, https:\/\/volxgesang.de\/wp-content\/uploads\/2018\/07\/Volxgesang-Logo-900.png 900w\" sizes=\"(max-width: 768px) 100vw, 768px\" \/>\t\t\t\t\t\t\t\t\t\t\t\t\t\t\t<\/div>\n\t\t\t\t<\/div>\n\t\t\t\t<div class=\"elementor-element elementor-element-f4ec4e0 elementor-widget elementor-widget-spacer\" data-id=\"f4ec4e0\" data-element_type=\"widget\" data-e-type=\"widget\" data-widget_type=\"spacer.default\">\n\t\t\t\t<div class=\"elementor-widget-container\">\n\t\t\t\t\t\t\t<div class=\"elementor-spacer\">\n\t\t\t<div class=\"elementor-spacer-inner\"><\/div>\n\t\t<\/div>\n\t\t\t\t\t\t<\/div>\n\t\t\t\t<\/div>\n\t\t\t\t<div class=\"elementor-element elementor-element-485a646 elementor-widget elementor-widget-text-editor\" data-id=\"485a646\" data-element_type=\"widget\" data-e-type=\"widget\" data-widget_type=\"text-editor.default\">\n\t\t\t\t<div class=\"elementor-widget-container\">\n\t\t\t\t\t\t\t\t\t<h2 style=\"text-align: center;\"><span style=\"color: #99ccff;\">Das Mitsing-Konzert<\/span><br \/><span style=\"color: #99ccff;\">bei dem es nur eine Regel gibt:<\/span><br \/><span style=\"color: #99ccff;\">Niemand singt zu laut und niemand singt zu falsch!<\/span><\/h2>\t\t\t\t\t\t\t\t<\/div>\n\t\t\t\t<\/div>\n\t\t\t\t\t<\/div>\n\t\t<\/div>\n\t\t\t\t\t<\/div>\n\t\t<\/section>\n\t\t\t\t<section class=\"elementor-section elementor-top-section elementor-element elementor-element-31f264dd color-change-5x elementor-section-boxed elementor-section-height-default elementor-section-height-default\" data-id=\"31f264dd\" data-element_type=\"section\" data-e-type=\"section\" data-settings=\"{&quot;background_background&quot;:&quot;classic&quot;}\">\n\t\t\t\t\t\t<div class=\"elementor-container elementor-column-gap-default\">\n\t\t\t\t\t<div class=\"elementor-column elementor-col-100 elementor-top-column elementor-element elementor-element-4e7cb8b7\" data-id=\"4e7cb8b7\" data-element_type=\"column\" data-e-type=\"column\">\n\t\t\t<div class=\"elementor-widget-wrap elementor-element-populated\">\n\t\t\t\t\t\t<div class=\"elementor-element elementor-element-785f2abe elementor-widget elementor-widget-heading\" data-id=\"785f2abe\" data-element_type=\"widget\" data-e-type=\"widget\" data-widget_type=\"heading.default\">\n\t\t\t\t<div class=\"elementor-widget-container\">\n\t\t\t\t\t<h1 class=\"elementor-heading-title elementor-size-default\">Sag beim Abschied leise Servus ....<\/h1>\t\t\t\t<\/div>\n\t\t\t\t<\/div>\n\t\t\t\t\t<\/div>\n\t\t<\/div>\n\t\t\t\t\t<\/div>\n\t\t<\/section>\n\t\t\t\t<section class=\"elementor-section elementor-top-section elementor-element elementor-element-b2ed239 elementor-section-boxed elementor-section-height-default elementor-section-height-default\" data-id=\"b2ed239\" data-element_type=\"section\" data-e-type=\"section\" data-settings=\"{&quot;background_background&quot;:&quot;classic&quot;}\">\n\t\t\t\t\t\t<div class=\"elementor-container elementor-column-gap-default\">\n\t\t\t\t\t<div class=\"elementor-column elementor-col-100 elementor-top-column elementor-element elementor-element-e2660c4\" data-id=\"e2660c4\" data-element_type=\"column\" data-e-type=\"column\">\n\t\t\t<div class=\"elementor-widget-wrap elementor-element-populated\">\n\t\t\t\t\t\t<div class=\"elementor-element elementor-element-b2db78e elementor-widget elementor-widget-text-editor\" data-id=\"b2db78e\" data-element_type=\"widget\" data-e-type=\"widget\" data-widget_type=\"text-editor.default\">\n\t\t\t\t<div class=\"elementor-widget-container\">\n\t\t\t\t\t\t\t\t\t<h4>Liebe VolxGesang-Familie,<\/h4><h4>manchmal schreibt das Leben seine eigenen Geschichten. Als wir gemeinsam im November 2024 unser 10-j\u00e4hriges Jubil\u00e4um gefeiert haben \u2013 im ausverkauften Schlachthof in M\u00fcnchen und im vollen Spectrum Club in Augsburg \u2013 und einer Stimmung, die ihresgleichen sucht \u2013 wusste ich noch nicht, dass dies unsere letzten gemeinsamen Konzerte sein w\u00fcrden.<\/h4>\t\t\t\t\t\t\t\t<\/div>\n\t\t\t\t<\/div>\n\t\t\t\t<div class=\"elementor-element elementor-element-a848322 elementor-widget elementor-widget-text-editor\" data-id=\"a848322\" data-element_type=\"widget\" data-e-type=\"widget\" data-widget_type=\"text-editor.default\">\n\t\t\t\t<div class=\"elementor-widget-container\">\n\t\t\t\t\t\t\t\t\t<p>Heute muss ich euch mitteilen: Diese beiden wunderbare Jubil\u00e4umskonzert waren tats\u00e4chlich der Schlusspunkt unserer gemeinsamen VolxGesang-Geschichte. Ein Schlusspunkt, der im Nachhinein kaum perfekter h\u00e4tte sein k\u00f6nnen.<\/p><p>Was f\u00fcr ein Geschenk, dass unsere letzten beiden gemeinsamen Abend so gro\u00dfartig waren! Strahlende Gesichter, kraftvolle Stimmen und diese unbeschreibliche Energie \u2013 besser h\u00e4tten wir uns nicht verabschieden k\u00f6nnen, auch wenn wir es damals noch nicht wussten.<\/p><p>VolxGesang war nie nur ein gew\u00f6hnliches Mitsing-Konzert. Es war eine einzigartige Gemeinschaft von Menschen, die durch die Freude am gemeinsamen Singen und soziales Engagement verbunden sind. Ihr habt aus jedem Abend etwas Besonderes gemacht, eure Begeisterung und Sangeslust waren immer sp\u00fcrbar und ansteckend.<\/p><p>Besonders ber\u00fchrend waren f\u00fcr mich die vielen pers\u00f6nlichen Geschichten, die ihr mit mir geteilt habt. Von Freundschaften, die bei VolxGesang entstanden sind. Generationen, die gemeinsam gesungen und gefeiert haben. Das zeigt mir, dass Musik so viel mehr ist als nur Unterhaltung \u2013 sie verbindet Menschen und schafft kostbare Erinnerungen.<\/p><p>Zehn Jahre VolxGesang \u2013 das waren unz\u00e4hlige magische Momente, tausende begeisterte Stimmen und eine Gemeinschaft, die durch Musik zusammengewachsen ist. Dass sich dieses Kapitel nun schlie\u00dft, stimmt mich wehm\u00fctig, aber auch dankbar f\u00fcr all die wunderbaren Erinnerungen, die wir gemeinsam schaffen durften. VolxGesang war nicht nur ein gemeinn\u00fctziges Projekt, sondern lief bei allen Beteiligten quasi nebenbei. Und nun, nach 10 Jahren geht es f\u00fcr uns in viele andere Richtungen. Meine berufliche Situation hat sich in den letzten Jahren weiterentwickelt und das bedeutet f\u00fcr mich leider nicht mehr genug Zeit f\u00fcr VolxGesang zu haben.<\/p><p>Auch wenn VolxGesang nun zu Ende geht, bin ich \u00fcberzeugt, dass die Kraft der Musik und des gemeinsamen Singens in euch allen weiterlebt. Die Freundschaften, die hier entstanden sind, die Erinnerungen, die wir geschaffen haben, und die Freude am Singen \u2013 das alles bleibt bestehen.<\/p><p>In tiefer Dankbarkeit und mit den besten W\u00fcnschen f\u00fcr die Zukunft, eure Frau im Dunkeln Nicole<br \/>Dezember 2024<\/p>\t\t\t\t\t\t\t\t<\/div>\n\t\t\t\t<\/div>\n\t\t\t\t\t<\/div>\n\t\t<\/div>\n\t\t\t\t\t<\/div>\n\t\t<\/section>\n\t\t\t\t<section class=\"elementor-section elementor-top-section elementor-element elementor-element-365af8d elementor-section-full_width color-change-5x elementor-section-height-default elementor-section-height-default\" data-id=\"365af8d\" data-element_type=\"section\" data-e-type=\"section\" data-settings=\"{&quot;background_background&quot;:&quot;classic&quot;}\">\n\t\t\t\t\t\t<div class=\"elementor-container elementor-column-gap-default\">\n\t\t\t\t\t<div class=\"elementor-column elementor-col-100 elementor-top-column elementor-element elementor-element-cdd8033\" data-id=\"cdd8033\" data-element_type=\"column\" data-e-type=\"column\">\n\t\t\t<div class=\"elementor-widget-wrap elementor-element-populated\">\n\t\t\t\t\t\t<section class=\"elementor-section elementor-inner-section elementor-element elementor-element-8a83ff7 elementor-section-boxed elementor-section-height-default elementor-section-height-default\" data-id=\"8a83ff7\" data-element_type=\"section\" data-e-type=\"section\">\n\t\t\t\t\t\t<div class=\"elementor-container elementor-column-gap-default\">\n\t\t\t\t\t<div class=\"elementor-column elementor-col-100 elementor-inner-column elementor-element elementor-element-8b56173\" data-id=\"8b56173\" data-element_type=\"column\" data-e-type=\"column\">\n\t\t\t<div class=\"elementor-widget-wrap elementor-element-populated\">\n\t\t\t\t\t\t<div class=\"elementor-element elementor-element-8e39ab6 elementor-widget elementor-widget-heading\" data-id=\"8e39ab6\" data-element_type=\"widget\" data-e-type=\"widget\" data-widget_type=\"heading.default\">\n\t\t\t\t<div class=\"elementor-widget-container\">\n\t\t\t\t\t<h2 class=\"elementor-heading-title elementor-size-default\">Das war VolxGesang<\/h2>\t\t\t\t<\/div>\n\t\t\t\t<\/div>\n\t\t\t\t\t<\/div>\n\t\t<\/div>\n\t\t\t\t\t<\/div>\n\t\t<\/section>\n\t\t\t\t<section class=\"elementor-section elementor-inner-section elementor-element elementor-element-11bb3f6 elementor-section-boxed elementor-section-height-default elementor-section-height-default\" data-id=\"11bb3f6\" data-element_type=\"section\" data-e-type=\"section\">\n\t\t\t\t\t\t<div class=\"elementor-container elementor-column-gap-default\">\n\t\t\t\t\t<div class=\"elementor-column elementor-col-50 elementor-inner-column elementor-element elementor-element-0aff564\" data-id=\"0aff564\" data-element_type=\"column\" data-e-type=\"column\">\n\t\t\t<div class=\"elementor-widget-wrap elementor-element-populated\">\n\t\t\t\t\t\t<div class=\"elementor-element elementor-element-eb3d3d7 elementor-widget elementor-widget-video\" data-id=\"eb3d3d7\" data-element_type=\"widget\" data-e-type=\"widget\" data-settings=\"{&quot;video_type&quot;:&quot;hosted&quot;,&quot;autoplay&quot;:&quot;yes&quot;,&quot;play_on_mobile&quot;:&quot;yes&quot;,&quot;mute&quot;:&quot;yes&quot;,&quot;loop&quot;:&quot;yes&quot;,&quot;controls&quot;:&quot;yes&quot;}\" data-widget_type=\"video.default\">\n\t\t\t\t<div class=\"elementor-widget-container\">\n\t\t\t\t\t\t\t<div class=\"e-hosted-video elementor-wrapper elementor-open-inline\">\n\t\t\t\t\t<video class=\"elementor-video\" src=\"https:\/\/volxgesang.de\/wp-content\/uploads\/2024\/07\/SHF-V03k.mp4\" autoplay=\"\" loop=\"\" controls=\"\" muted=\"muted\" playsinline=\"\" controlsList=\"nodownload\"><\/video>\n\t\t\t\t<\/div>\n\t\t\t\t\t\t<\/div>\n\t\t\t\t<\/div>\n\t\t\t\t\t<\/div>\n\t\t<\/div>\n\t\t\t\t<div class=\"elementor-column elementor-col-50 elementor-inner-column elementor-element elementor-element-826e42b\" data-id=\"826e42b\" data-element_type=\"column\" data-e-type=\"column\">\n\t\t\t<div class=\"elementor-widget-wrap elementor-element-populated\">\n\t\t\t\t\t\t<div class=\"elementor-element elementor-element-fed118f elementor-widget__width-initial elementor-widget elementor-widget-text-editor\" data-id=\"fed118f\" data-element_type=\"widget\" data-e-type=\"widget\" data-widget_type=\"text-editor.default\">\n\t\t\t\t<div class=\"elementor-widget-container\">\n\t\t\t\t\t\t\t\t\t<h3>Gemeinsam schmettern das Publikum im Parkett und der Sa\u0308nger auf der Bu\u0308hne Gassenhauer auf Deutsch, englische Evergreens, Pop, Rock und Volkslieder, die einfach jeder kennt. Das macht Spa\u00df und sorgt fu\u0308r gute Laune! Die Texte werden gut lesbar auf die Bu\u0308hnenleinwand projiziert, die ersten To\u0308ne angespielt, und schon geht es los.<\/h3>\t\t\t\t\t\t\t\t<\/div>\n\t\t\t\t<\/div>\n\t\t\t\t<div class=\"elementor-element elementor-element-0d731f9 elementor-widget elementor-widget-text-editor\" data-id=\"0d731f9\" data-element_type=\"widget\" data-e-type=\"widget\" data-widget_type=\"text-editor.default\">\n\t\t\t\t<div class=\"elementor-widget-container\">\n\t\t\t\t\t\t\t\t\t<p>Video: Susa Hummel, aus rechtlichen Gr\u00fcnden kein Ton.<\/p>\t\t\t\t\t\t\t\t<\/div>\n\t\t\t\t<\/div>\n\t\t\t\t\t<\/div>\n\t\t<\/div>\n\t\t\t\t\t<\/div>\n\t\t<\/section>\n\t\t\t\t\t<\/div>\n\t\t<\/div>\n\t\t\t\t\t<\/div>\n\t\t<\/section>\n\t\t\t\t<section class=\"elementor-section elementor-top-section elementor-element elementor-element-ae55632 elementor-section-boxed elementor-section-height-default elementor-section-height-default\" data-id=\"ae55632\" data-element_type=\"section\" data-e-type=\"section\" data-settings=\"{&quot;background_background&quot;:&quot;classic&quot;}\">\n\t\t\t\t\t\t<div class=\"elementor-container elementor-column-gap-default\">\n\t\t\t\t\t<div class=\"elementor-column elementor-col-100 elementor-top-column elementor-element elementor-element-a85cd72\" data-id=\"a85cd72\" data-element_type=\"column\" data-e-type=\"column\">\n\t\t\t<div class=\"elementor-widget-wrap elementor-element-populated\">\n\t\t\t\t\t\t<div class=\"elementor-element elementor-element-4bb3496 elementor-widget elementor-widget-heading\" data-id=\"4bb3496\" data-element_type=\"widget\" data-e-type=\"widget\" data-widget_type=\"heading.default\">\n\t\t\t\t<div class=\"elementor-widget-container\">\n\t\t\t\t\t<h2 class=\"elementor-heading-title elementor-size-default\">Kontakt<\/h2>\t\t\t\t<\/div>\n\t\t\t\t<\/div>\n\t\t\t\t<div class=\"elementor-element elementor-element-675d6d0 elementor-widget elementor-widget-text-editor\" data-id=\"675d6d0\" data-element_type=\"widget\" data-e-type=\"widget\" data-widget_type=\"text-editor.default\">\n\t\t\t\t<div class=\"elementor-widget-container\">\n\t\t\t\t\t\t\t\t\t<p style=\"text-align: center;\"><br \/><a target=\"_blank\" rel=\"noopener\">kontakt @ volxgesang.de<\/a><\/p>\t\t\t\t\t\t\t\t<\/div>\n\t\t\t\t<\/div>\n\t\t\t\t\t<\/div>\n\t\t<\/div>\n\t\t\t\t\t<\/div>\n\t\t<\/section>\n\t\t\t\t<section class=\"elementor-section elementor-top-section elementor-element elementor-element-1f6388f elementor-section-boxed elementor-section-height-default elementor-section-height-default\" data-id=\"1f6388f\" data-element_type=\"section\" data-e-type=\"section\">\n\t\t\t\t\t\t<div class=\"elementor-container elementor-column-gap-default\">\n\t\t\t\t\t<div class=\"elementor-column elementor-col-100 elementor-top-column elementor-element elementor-element-8615638\" data-id=\"8615638\" data-element_type=\"column\" data-e-type=\"column\">\n\t\t\t<div class=\"elementor-widget-wrap\">\n\t\t\t\t\t\t\t<\/div>\n\t\t<\/div>\n\t\t\t\t\t<\/div>\n\t\t<\/section>\n\t\t\t\t<\/div>\n\t\t","protected":false},"excerpt":{"rendered":"<p>Das Mitsing-Konzertbei dem es nur eine Regel gibt:Niemand singt zu laut und niemand singt zu falsch! Sag beim Abschied leise Servus &#8230;. Liebe VolxGesang-Familie, manchmal schreibt das Leben seine eigenen Geschichten. Als wir gemeinsam im November 2024 unser 10-j\u00e4hriges Jubil\u00e4um gefeiert haben \u2013 im ausverkauften Schlachthof in M\u00fcnchen und im vollen Spectrum Club in Augsburg [&hellip;]<\/p>\n","protected":false},"author":1,"featured_media":0,"parent":0,"menu_order":0,"comment_status":"closed","ping_status":"closed","template":"","meta":{"site-sidebar-layout":"no-sidebar","site-content-layout":"","ast-site-content-layout":"default","site-content-style":"default","site-sidebar-style":"default","ast-global-header-display":"","ast-banner-title-visibility":"","ast-main-header-display":"","ast-hfb-above-header-display":"","ast-hfb-below-header-display":"","ast-hfb-mobile-header-display":"","site-post-title":"disabled","ast-breadcrumbs-content":"","ast-featured-img":"","footer-sml-layout":"","theme-transparent-header-meta":"enabled","adv-header-id-meta":"","stick-header-meta":"","header-above-stick-meta":"","header-main-stick-meta":"","header-below-stick-meta":"","astra-migrate-meta-layouts":"set","ast-page-background-enabled":"default","ast-page-background-meta":{"desktop":{"background-color":"var(--ast-global-color-4)","background-image":"","background-repeat":"repeat","background-position":"center center","background-size":"auto","background-attachment":"scroll","background-type":"","background-media":"","overlay-type":"","overlay-color":"","overlay-gradient":""},"tablet":{"background-color":"","background-image":"","background-repeat":"repeat","background-position":"center center","background-size":"auto","background-attachment":"scroll","background-type":"","background-media":"","overlay-type":"","overlay-color":"","overlay-gradient":""},"mobile":{"background-color":"","background-image":"","background-repeat":"repeat","background-position":"center center","background-size":"auto","background-attachment":"scroll","background-type":"","background-media":"","overlay-type":"","overlay-color":"","overlay-gradient":""}},"ast-content-background-meta":{"desktop":{"background-color":"var(--ast-global-color-5)","background-image":"","background-repeat":"repeat","background-position":"center center","background-size":"auto","background-attachment":"scroll","background-type":"","background-media":"","overlay-type":"","overlay-color":"","overlay-gradient":""},"tablet":{"background-color":"var(--ast-global-color-5)","background-image":"","background-repeat":"repeat","background-position":"center center","background-size":"auto","background-attachment":"scroll","background-type":"","background-media":"","overlay-type":"","overlay-color":"","overlay-gradient":""},"mobile":{"background-color":"var(--ast-global-color-5)","background-image":"","background-repeat":"repeat","background-position":"center center","background-size":"auto","background-attachment":"scroll","background-type":"","background-media":"","overlay-type":"","overlay-color":"","overlay-gradient":""}},"footnotes":""},"class_list":["post-31","page","type-page","status-publish","hentry"],"_links":{"self":[{"href":"https:\/\/volxgesang.de\/index.php?rest_route=\/wp\/v2\/pages\/31","targetHints":{"allow":["GET"]}}],"collection":[{"href":"https:\/\/volxgesang.de\/index.php?rest_route=\/wp\/v2\/pages"}],"about":[{"href":"https:\/\/volxgesang.de\/index.php?rest_route=\/wp\/v2\/types\/page"}],"author":[{"embeddable":true,"href":"https:\/\/volxgesang.de\/index.php?rest_route=\/wp\/v2\/users\/1"}],"replies":[{"embeddable":true,"href":"https:\/\/volxgesang.de\/index.php?rest_route=%2Fwp%2Fv2%2Fcomments&post=31"}],"version-history":[{"count":592,"href":"https:\/\/volxgesang.de\/index.php?rest_route=\/wp\/v2\/pages\/31\/revisions"}],"predecessor-version":[{"id":6304,"href":"https:\/\/volxgesang.de\/index.php?rest_route=\/wp\/v2\/pages\/31\/revisions\/6304"}],"wp:attachment":[{"href":"https:\/\/volxgesang.de\/index.php?rest_route=%2Fwp%2Fv2%2Fmedia&parent=31"}],"curies":[{"name":"wp","href":"https:\/\/api.w.org\/{rel}","templated":true}]}}